{"id":92,"date":"2020-12-14T01:19:32","date_gmt":"2020-12-14T01:19:32","guid":{"rendered":"http:\/\/kingfisherapartman.hu\/index.php\/booking-confirmation\/booking-canceled\/"},"modified":"2021-01-08T19:23:11","modified_gmt":"2021-01-08T19:23:11","slug":"booking-canceled","status":"publish","type":"page","link":"https:\/\/kingfisherapartman.hu\/index.php\/booking-confirmation\/booking-canceled\/","title":{"rendered":"Booking Canceled"},"content":{"rendered":"<hr class=\"no_line\" style=\"margin: 0 auto 70px auto\"\/>\n\n<h4>A foglal\u00e1s t\u00f6rl\u00e9sre ker\u00fclt.<\/h4>\n<hr class=\"no_line\" style=\"margin: 0 auto 180px auto\"\/>\n\n","protected":false},"excerpt":{"rendered":"<p>A foglal\u00e1s t\u00f6rl\u00e9sre ker\u00fclt.<\/p>\n","protected":false},"author":1,"featured_media":0,"parent":90,"menu_order":0,"comment_status":"closed","ping_status":"closed","template":"","meta":{"footnotes":""},"class_list":["post-92","page","type-page","status-publish","hentry"],"_links":{"self":[{"href":"https:\/\/kingfisherapartman.hu\/index.php\/wp-json\/wp\/v2\/pages\/92","targetHints":{"allow":["GET"]}}],"collection":[{"href":"https:\/\/kingfisherapartman.hu\/index.php\/wp-json\/wp\/v2\/pages"}],"about":[{"href":"https:\/\/kingfisherapartman.hu\/index.php\/wp-json\/wp\/v2\/types\/page"}],"author":[{"embeddable":true,"href":"https:\/\/kingfisherapartman.hu\/index.php\/wp-json\/wp\/v2\/users\/1"}],"replies":[{"embeddable":true,"href":"https:\/\/kingfisherapartman.hu\/index.php\/wp-json\/wp\/v2\/comments?post=92"}],"version-history":[{"count":4,"href":"https:\/\/kingfisherapartman.hu\/index.php\/wp-json\/wp\/v2\/pages\/92\/revisions"}],"predecessor-version":[{"id":208,"href":"https:\/\/kingfisherapartman.hu\/index.php\/wp-json\/wp\/v2\/pages\/92\/revisions\/208"}],"up":[{"embeddable":true,"href":"https:\/\/kingfisherapartman.hu\/index.php\/wp-json\/wp\/v2\/pages\/90"}],"wp:attachment":[{"href":"https:\/\/kingfisherapartman.hu\/index.php\/wp-json\/wp\/v2\/media?parent=92"}],"curies":[{"name":"wp","href":"https:\/\/api.w.org\/{rel}","templated":true}]}}